{"id":4923,"date":"2020-10-17T11:17:05","date_gmt":"2020-10-17T09:17:05","guid":{"rendered":"https:\/\/www.ledsolar.sk\/produkt\/"},"modified":"2024-05-24T13:09:25","modified_gmt":"2024-05-24T11:09:25","slug":"product","status":"publish","type":"page","link":"https:\/\/www.ledsolar.sk\/en\/product\/","title":{"rendered":"Product"},"content":{"rendered":"<p>Str\u00e1nka, ktor\u00e1 zobraz\u00ed detaily produktu zadan\u00e9ho v URL - www.ledsolar.sk\/produkt\/?detail=dd384c1709e659b0a05d4d3e761c010a<\/p>\n<p>Str\u00e1nka sa mus\u00ed vola\u0165 <strong>Produkt<\/strong>. Pod\u013ea jej n\u00e1zvu sa rozli\u0161uje ak\u00e9 Title sa m\u00e1 zobrazi\u0165:<\/p>\n<ul>\n<li>ak je to Produkt, tak sa ako Title str\u00e1nky pou\u017eije n\u00e1zov produktu z DB,<\/li>\n<li>in\u00e1\u010d WP get_the_title().<\/li>\n<\/ul>\n","protected":false},"excerpt":{"rendered":"<p>Str\u00e1nka, ktor\u00e1 zobraz\u00ed detaily produktu zadan\u00e9ho v URL - www.ledsolar.sk\/produkt\/?detail=dd384c1709e659b0a05d4d3e761c010a Str\u00e1nka sa mus\u00ed vola\u0165 Produkt. Pod\u013ea jej n\u00e1zvu sa rozli\u0161uje ak\u00e9 Title sa m\u00e1 zobrazi\u0165: ak je to Produkt, tak sa ako Title str\u00e1nky pou\u017eije n\u00e1zov produktu z DB, in\u00e1\u010d WP get_the_title().<\/p>\n","protected":false},"author":1,"featured_media":0,"parent":0,"menu_order":0,"comment_status":"closed","ping_status":"closed","template":"","meta":{"footnotes":""},"class_list":["post-4923","page","type-page","status-publish","format-standard","hentry"],"_links":{"self":[{"href":"https:\/\/www.ledsolar.sk\/en\/wp-json\/wp\/v2\/pages\/4923","targetHints":{"allow":["GET"]}}],"collection":[{"href":"https:\/\/www.ledsolar.sk\/en\/wp-json\/wp\/v2\/pages"}],"about":[{"href":"https:\/\/www.ledsolar.sk\/en\/wp-json\/wp\/v2\/types\/page"}],"author":[{"embeddable":true,"href":"https:\/\/www.ledsolar.sk\/en\/wp-json\/wp\/v2\/users\/1"}],"replies":[{"embeddable":true,"href":"https:\/\/www.ledsolar.sk\/en\/wp-json\/wp\/v2\/comments?post=4923"}],"version-history":[{"count":0,"href":"https:\/\/www.ledsolar.sk\/en\/wp-json\/wp\/v2\/pages\/4923\/revisions"}],"wp:attachment":[{"href":"https:\/\/www.ledsolar.sk\/en\/wp-json\/wp\/v2\/media?parent=4923"}],"curies":[{"name":"wp","href":"https:\/\/api.w.org\/{rel}","templated":true}]}}